{"id":38,"date":"2014-12-07T19:13:54","date_gmt":"2014-12-07T19:13:54","guid":{"rendered":"http:\/\/ruedeladanse.com\/?page_id=38"},"modified":"2022-03-08T21:23:13","modified_gmt":"2022-03-08T21:23:13","slug":"actualites","status":"publish","type":"page","link":"https:\/\/replay-and-display.com\/?page_id=38","title":{"rendered":"Actualit\u00e9s"},"content":{"rendered":"<h1>SPECTACLES<\/h1>\n<h4><\/h4>\n<h4><em>ONE TWO, ONE TWO<br \/>\n<\/em><\/h4>\n<h4>Mardi 29 mars 2022 \u2022 19h00 \u2022 Th\u00e9\u00e2tre de Vanves dans le cadre du Festival Artdanth\u00e9<\/h4>\n<p>&nbsp;<\/p>\n<p>&nbsp;<\/p>\n<p>&nbsp;<\/p>\n<h1><\/h1>\n<h1><\/h1>\n<h1><\/h1>\n<h1><\/h1>\n<p>&nbsp;<\/p>\n","protected":false},"excerpt":{"rendered":"<p>SPECTACLES ONE TWO, ONE TWO Mardi 29 mars 2022 \u2022 19h00 \u2022 Th\u00e9\u00e2tre de Vanves dans le cadre du Festival Artdanth\u00e9 &nbsp; &nbsp; &nbsp; &nbsp;<\/p>\n","protected":false},"author":1,"featured_media":0,"parent":0,"menu_order":0,"comment_status":"open","ping_status":"open","template":"","meta":[],"_links":{"self":[{"href":"https:\/\/replay-and-display.com\/index.php?rest_route=\/wp\/v2\/pages\/38"}],"collection":[{"href":"https:\/\/replay-and-display.com\/index.php?rest_route=\/wp\/v2\/pages"}],"about":[{"href":"https:\/\/replay-and-display.com\/index.php?rest_route=\/wp\/v2\/types\/page"}],"author":[{"embeddable":true,"href":"https:\/\/replay-and-display.com\/index.php?rest_route=\/wp\/v2\/users\/1"}],"replies":[{"embeddable":true,"href":"https:\/\/replay-and-display.com\/index.php?rest_route=%2Fwp%2Fv2%2Fcomments&post=38"}],"version-history":[{"count":31,"href":"https:\/\/replay-and-display.com\/index.php?rest_route=\/wp\/v2\/pages\/38\/revisions"}],"predecessor-version":[{"id":330,"href":"https:\/\/replay-and-display.com\/index.php?rest_route=\/wp\/v2\/pages\/38\/revisions\/330"}],"wp:attachment":[{"href":"https:\/\/replay-and-display.com\/index.php?rest_route=%2Fwp%2Fv2%2Fmedia&parent=38"}],"curies":[{"name":"wp","href":"https:\/\/api.w.org\/{rel}","templated":true}]}}